{"id":69,"date":"2023-05-25T08:48:04","date_gmt":"2023-05-25T07:48:04","guid":{"rendered":"https:\/\/gdanskmeleksem.pl\/?page_id=69"},"modified":"2023-07-07T16:43:47","modified_gmt":"2023-07-07T15:43:47","slug":"ue-project","status":"publish","type":"page","link":"https:\/\/gdanskmeleksem.pl\/?page_id=69","title":{"rendered":"UE Project\u00a0"},"content":{"rendered":"\n<p><strong>Cele Projektu<\/strong><\/p>\n\n\n\n<p>W trosce o bezpiecze\u0144stwo swoje i moich podwykonawc\u00f3w na czas pandemii zamierzam stworzy\u0107 zdalne \u015brodowisko pracy dla siebie i zleceniobiorc\u00f3w, kt\u00f3rzy ze mn\u0105 wsp\u00f3\u0142pracuj\u0105. Stworzenie zdalnego \u015brodowiska dla ka\u017cdego zapewni r\u00f3wnie\u017c bezpiecze\u0144stwo dla klient\u00f3w, kt\u00f3rzy b\u0119d\u0105 teraz obs\u0142ugiwani w 100% zdalnie. W ramach dostosowania oferty do warunk\u00f3w panuj\u0105cych w trakcie pandemii zostan\u0105 wprowadzone nowe formy wycieczek. Ca\u0142kowit\u0105 nowo\u015bci\u0105 b\u0119d\u0105 wycieczki transmitowane online dla turyst\u00f3w z ca\u0142ego \u015bwiata. Dodatkowo turysta b\u0119dzie mia\u0142 mo\u017cliwo\u015b\u0107 wykupienia indywidualnej audiowizualnej wycieczki po najwi\u0119kszych atrakcjach Gda\u0144ska. Dla turyst\u00f3w, kt\u00f3rzy preferuj\u0105 bezpo\u015bredni kontakt z przewodnikiem b\u0119d\u0105 organizowane prywatne wycieczki meleksem, kt\u00f3ry zapewni bezpieczne zwiedzanie z dala od t\u0142umu turyst\u00f3w.<\/p>\n\n\n\n<p><strong>Planowane efekty<\/strong><\/p>\n\n\n\n<p>Zamierzam kupi\u0107 2 meleksy, ja b\u0119d\u0119 organizowa\u0107 wycieczki za pomoc\u0105 jednego, natomiast drugi b\u0119dzie wykorzystywany przez mojego zleceniobiorc\u0119. Pozwoli mi to na znacz\u0105ce zwi\u0119kszenie sprzeda\u017cy w czasie pandemii. Z racji tego, \u017ce chc\u0119 kupi\u0107 wyj\u0105tkowe pojazdy pod k\u0105tem wizualnym &#8211; wybrany przeze mnie meleks jest oryginalny, przyci\u0105ga wzrok i ka\u017cdy turysta b\u0119dzie chcia\u0142 si\u0119 przejecha\u0107 retro meleksem. Dodatkowo b\u0119d\u0119 oferowa\u0142 us\u0142ugi wy\u015bwietlane w trybie rzeczywistym z telefonu, czego nikt jeszcze do tej pory nie robi\u0142 w Polsce. W ostatnim okresie, gdy nikt nie m\u00f3g\u0142 podr\u00f3\u017cowa\u0107 kilku indywidualnych przewodnik\u00f3w w innych krajach rozpocz\u0119\u0142o tego typu us\u0142ugi w Niemczech i Anglii i odnie\u015bli spektakularny sukces je\u017celi chodzi o liczb\u0119 zam\u00f3wie\u0144. Co wi\u0119cej klienci b\u0119d\u0105 mogli zadawa\u0107 pytania na czacie, r\u00f3wnie\u017c b\u0119d\u0119 oferowa\u0107 wycieczki VIP, podczas kt\u00f3rych b\u0119d\u0119 po\u0142\u0105czony komunikatorem g\u0142osowym na \u017cywo z klientami. B\u0119d\u0119 r\u00f3wnie\u017c oferowa\u0142 wycieczki grupowe, kt\u00f3re w przeciwie\u0144stwie do wycieczek na \u017cywo b\u0119dzie mog\u0142a do\u0142\u0105czy\u0107 nieograniczona liczba os\u00f3b, na co pozwala tzw. streaming na Facebooku. Dodatkowo b\u0119d\u0119 oferowa\u0142 interaktywn\u0105 form\u0119 wycieczki, w kt\u00f3rej turysta otrzymuje mapk\u0119 z zestawem nagra\u0144 opowiadaj\u0105cych o ka\u017cdym z punkt\u00f3w odwiedzanych podczas interaktywnej wycieczki. Ta forma zwiedzania jest bardzo bezpieczna, a jednocze\u015bnie wnosi du\u017c\u0105 warto\u015b\u0107 edukacyjn\u0105, poniewa\u017c na nagraniach b\u0119dzie dost\u0119pnych du\u017co atrakcji. Kolejnym atutem tego nowego produktu b\u0119dzie skalowalno\u015b\u0107 sprzeda\u017cy bez fizycznego udzia\u0142u przewodnika. Pomo\u017ce to znacz\u0105co zwi\u0119kszy\u0107 sprzeda\u017c i zwi\u0119kszy\u0107 p\u0142ynno\u015b\u0107 finansow\u0105 firmy.<\/p>\n\n\n\n<p>\uf02d<strong>&nbsp;warto\u015b\u0107 Projektu,<\/strong><\/p>\n\n\n\n<p>161 979,22 z\u0142<\/p>\n\n\n\n<p><strong>\uf02d wk\u0142ad Funduszy Europejskich.<\/strong><\/p>\n\n\n\n<p>141 212,64 z\u0142<\/p>\n\n\n\n<p><\/p>\n","protected":false},"excerpt":{"rendered":"<p>Cele Projektu W trosce o bezpiecze\u0144stwo swoje i moich podwykonawc\u00f3w na czas pandemii zamierzam stworzy\u0107 zdalne \u015brodowisko pracy dla siebie [&hellip;]<\/p>\n","protected":false},"author":2,"featured_media":0,"parent":0,"menu_order":0,"comment_status":"closed","ping_status":"closed","template":"","meta":[],"_links":{"self":[{"href":"https:\/\/gdanskmeleksem.pl\/index.php?rest_route=\/wp\/v2\/pages\/69"}],"collection":[{"href":"https:\/\/gdanskmeleksem.pl\/index.php?rest_route=\/wp\/v2\/pages"}],"about":[{"href":"https:\/\/gdanskmeleksem.pl\/index.php?rest_route=\/wp\/v2\/types\/page"}],"author":[{"embeddable":true,"href":"https:\/\/gdanskmeleksem.pl\/index.php?rest_route=\/wp\/v2\/users\/2"}],"replies":[{"embeddable":true,"href":"https:\/\/gdanskmeleksem.pl\/index.php?rest_route=%2Fwp%2Fv2%2Fcomments&post=69"}],"version-history":[{"count":3,"href":"https:\/\/gdanskmeleksem.pl\/index.php?rest_route=\/wp\/v2\/pages\/69\/revisions"}],"predecessor-version":[{"id":241,"href":"https:\/\/gdanskmeleksem.pl\/index.php?rest_route=\/wp\/v2\/pages\/69\/revisions\/241"}],"wp:attachment":[{"href":"https:\/\/gdanskmeleksem.pl\/index.php?rest_route=%2Fwp%2Fv2%2Fmedia&parent=69"}],"curies":[{"name":"wp","href":"https:\/\/api.w.org\/{rel}","templated":true}]}}