{"id":142,"date":"2023-07-05T15:16:00","date_gmt":"2023-07-05T14:16:00","guid":{"rendered":"https:\/\/gdanskmeleksem.pl\/?page_id=142"},"modified":"2023-07-07T20:38:33","modified_gmt":"2023-07-07T19:38:33","slug":"gdansk-wirtualna-wycieczka-z-przewodnikiem","status":"publish","type":"page","link":"https:\/\/gdanskmeleksem.pl\/?page_id=142","title":{"rendered":"Gda\u0144sk: wirtualna wycieczka z przewodnikiem"},"content":{"rendered":"\n<figure class=\"wp-block-image size-large is-resized\"><img decoding=\"async\" loading=\"lazy\" src=\"https:\/\/gdanskmeleksem.pl\/wp-content\/uploads\/2023\/07\/Untitled-design-104-1024x576.jpg\" alt=\"\" class=\"wp-image-256\" width=\"1137\" height=\"640\" srcset=\"https:\/\/gdanskmeleksem.pl\/wp-content\/uploads\/2023\/07\/Untitled-design-104-1024x576.jpg 1024w, https:\/\/gdanskmeleksem.pl\/wp-content\/uploads\/2023\/07\/Untitled-design-104-300x169.jpg 300w, https:\/\/gdanskmeleksem.pl\/wp-content\/uploads\/2023\/07\/Untitled-design-104-768x432.jpg 768w, https:\/\/gdanskmeleksem.pl\/wp-content\/uploads\/2023\/07\/Untitled-design-104-1536x864.jpg 1536w, https:\/\/gdanskmeleksem.pl\/wp-content\/uploads\/2023\/07\/Untitled-design-104-2048x1152.jpg 2048w\" sizes=\"(max-width: 1137px) 100vw, 1137px\" \/><\/figure>\n\n\n\n<p><strong>Przegl\u0105d najwa\u017cniejszych wydarze\u0144:<\/strong><\/p>\n\n\n\n<ul>\n<li>Prze\u017cyj Gda\u0144sk w wirtualnej rzeczywisto\u015bci, kt\u00f3re przeniesie Ci\u0119 do historycznych ulic tego pi\u0119knego miasta.<\/li>\n\n\n\n<li>Odkrywaj Gda\u0144sk z przewodnikiem, kt\u00f3ry na \u017cywo zrelacjonuje histori\u0119 i obecne \u017cycie Gda\u0144ska<\/li>\n\n\n\n<li>Zwiedzisz najwa\u017cniejsze zabytki Gda\u0144ska, takie jak Ratusz G\u0142\u00f3wny czy Fontanna Neptuna, podziwiaj ich pi\u0119kno i g\u0142\u0119biej poznaj ich historyczne znaczenie.<\/li>\n\n\n\n<li>We\u017a udzia\u0142 w interaktywnym wydarzeniu i rozmawiaj z przewodnikiem w czasie rzeczywistym<\/li>\n<\/ul>\n\n\n\n<p><strong>Kr\u00f3tki opis:<\/strong><\/p>\n\n\n\n<p>Historia Gda\u0144ska rozci\u0105ga si\u0119 tak\u017ce na Stare Miasto i G\u0142\u00f3wne Miasto, wi\u0119c wybierz \u0142atwy i wygodny spos\u00f3b na zwiedzanie ca\u0142ego tego obszaru Samochodem Elektrycznym. Odkryj atrakcje Gda\u0144ska z przewodnikiem i zobacz niezwyk\u0142e zabytki, takie jak Ko\u015bci\u00f3\u0142 Mariacki, Dw\u00f3r Artura i Z\u0142ota Brama.<\/p>\n\n\n\n<p><strong>Pe\u0142ny opis:<\/strong><\/p>\n\n\n\n<p>Zapraszamy do wirtualnej podr\u00f3\u017cy po Gda\u0144sku, gdzie mo\u017cesz odkrywa\u0107 miasto na \u017cywo poprzez interaktywne zwiedzanie, relacjonowane na Twoim telefonie. Ta nowatorska wycieczka umo\u017cliwi\u0105 Ci poznanie Gda\u0144ska w spos\u00f3b niemal jakby\u015b by\u0142 fizycznie obecny.<\/p>\n\n\n\n<p>Po po\u0142\u0105czeniu si\u0119 z przewodnikiem, rozpoczynasz wyj\u0105tkow\u0105 podr\u00f3\u017c przez Gda\u0144sk. Przewodnik wirtualny b\u0119dzie Ci towarzyszy\u0142, dostarczaj\u0105c fascynuj\u0105cych informacji o miejscach, kt\u00f3re b\u0119dziesz odkrywa\u0142.<\/p>\n\n\n\n<p>Korzystaj\u0105c z technologii wirtualnej rzeczywisto\u015bci, b\u0119dziesz m\u00f3g\u0142 przenosi\u0107 si\u0119 z miejsca na miejsce, przechodzi\u0107 przez historyczne ulice i plac\u00f3wki, a nawet wchodzi\u0107 do znanych zabytk\u00f3w. B\u0119dziesz mia\u0142 pe\u0142n\u0105 swobod\u0119 zwiedzania i eksplorowania miasta.<\/p>\n\n\n\n<p>To niezwyk\u0142e do\u015bwiadczenie wirtualnej rzeczywisto\u015bci pozwoli Ci na poznanie Gda\u0144ska w spos\u00f3b innowacyjny i interaktywny, nawet je\u015bli jeste\u015b oddalony geograficznie. Przeniesiesz si\u0119 do ulic Gda\u0144ska, odkryjesz jego pi\u0119kno i bogat\u0105 histori\u0119 bez wychodzenia z domu.<\/p>\n\n\n\n<p>To wirtualne do\u015bwiadczenie na pewno zostawi w Tobie trwa\u0142e wra\u017cenie i pobudzi Twoj\u0105 ciekawo\u015b\u0107 o Gda\u0144sk.<\/p>\n\n\n\n<p><strong>Co jest zawarte:<\/strong><\/p>\n\n\n\n<ul>\n<li>2-godzinna wirtualne zwiedzanie z przewodnikiem<\/li>\n\n\n\n<li>Mn\u00f3stwo informacji o Gda\u0144sku, historii i zwyczajach<\/li>\n\n\n\n<li>Ciekawa trasa pe\u0142na atrakcji Starego Miasta w Gda\u0144sku<\/li>\n<\/ul>\n\n\n\n<p><strong>Wiedz przed wyjazdem:<\/strong><\/p>\n\n\n\n<p>\u2022 Sprawd\u017a poczt\u0119 e-mail na dzie\u0144 przed wycieczk\u0105, aby otrzyma\u0107 wa\u017cne informacje<\/p>\n\n\n\n<p><\/p>\n\n\n\n<p><strong>\u017beby wykupi\u0107 wycieczk\u0119 &#8211; wy\u015blij zapytanie na maila kontakt@gdanskmeleksem.pl<\/strong><\/p>\n\n\n\n<p><\/p>\n","protected":false},"excerpt":{"rendered":"<p>Przegl\u0105d najwa\u017cniejszych wydarze\u0144: Kr\u00f3tki opis: Historia Gda\u0144ska rozci\u0105ga si\u0119 tak\u017ce na Stare Miasto i G\u0142\u00f3wne Miasto, wi\u0119c wybierz \u0142atwy i [&hellip;]<\/p>\n","protected":false},"author":2,"featured_media":0,"parent":0,"menu_order":0,"comment_status":"closed","ping_status":"closed","template":"","meta":[],"_links":{"self":[{"href":"https:\/\/gdanskmeleksem.pl\/index.php?rest_route=\/wp\/v2\/pages\/142"}],"collection":[{"href":"https:\/\/gdanskmeleksem.pl\/index.php?rest_route=\/wp\/v2\/pages"}],"about":[{"href":"https:\/\/gdanskmeleksem.pl\/index.php?rest_route=\/wp\/v2\/types\/page"}],"author":[{"embeddable":true,"href":"https:\/\/gdanskmeleksem.pl\/index.php?rest_route=\/wp\/v2\/users\/2"}],"replies":[{"embeddable":true,"href":"https:\/\/gdanskmeleksem.pl\/index.php?rest_route=%2Fwp%2Fv2%2Fcomments&post=142"}],"version-history":[{"count":6,"href":"https:\/\/gdanskmeleksem.pl\/index.php?rest_route=\/wp\/v2\/pages\/142\/revisions"}],"predecessor-version":[{"id":257,"href":"https:\/\/gdanskmeleksem.pl\/index.php?rest_route=\/wp\/v2\/pages\/142\/revisions\/257"}],"wp:attachment":[{"href":"https:\/\/gdanskmeleksem.pl\/index.php?rest_route=%2Fwp%2Fv2%2Fmedia&parent=142"}],"curies":[{"name":"wp","href":"https:\/\/api.w.org\/{rel}","templated":true}]}}