{"id":140,"date":"2023-07-05T15:15:22","date_gmt":"2023-07-05T14:15:22","guid":{"rendered":"https:\/\/gdanskmeleksem.pl\/?page_id=140"},"modified":"2023-07-07T16:47:11","modified_gmt":"2023-07-07T15:47:11","slug":"gdansk-wycieczka-po-miescie-zabytkowym-samochodem-elektrycznym","status":"publish","type":"page","link":"https:\/\/gdanskmeleksem.pl\/?page_id=140","title":{"rendered":"Gda\u0144sk: wycieczka po mie\u015bcie zabytkowym samochodem elektrycznym"},"content":{"rendered":"\n<figure class=\"wp-block-image size-full is-resized\"><img decoding=\"async\" loading=\"lazy\" src=\"http:\/\/gdanskmeleksem.pl\/wp-content\/uploads\/2023\/07\/Alibaba218430302-1-1-edited.png\" alt=\"\" class=\"wp-image-216\" width=\"1138\" height=\"640\" srcset=\"https:\/\/gdanskmeleksem.pl\/wp-content\/uploads\/2023\/07\/Alibaba218430302-1-1-edited.png 683w, https:\/\/gdanskmeleksem.pl\/wp-content\/uploads\/2023\/07\/Alibaba218430302-1-1-edited-300x169.png 300w\" sizes=\"(max-width: 1138px) 100vw, 1138px\" \/><\/figure>\n\n\n\n<p><strong>Przegl\u0105d najwa\u017cniejszych wydarze\u0144:<\/strong><\/p>\n\n\n\n<ul>\n<li>Ciesz si\u0119 wygodn\u0105 wycieczk\u0105 po mie\u015bcie samochodem elektrycznym<\/li>\n\n\n\n<li>Odkryj wszystkie najlepsze zabytki w Gda\u0144sku, takie jak ko\u015bci\u00f3\u0142 Mariacki, fontanna Neptuna, stocznia<\/li>\n\n\n\n<li>Poznaj fascynuj\u0105c\u0105 histori\u0119 Gda\u0144ska poprzez Stare i G\u0142\u00f3wne Miasto<\/li>\n\n\n\n<li>Pos\u0142uchaj wspania\u0142ych historii i legend lokalnego przewodnika<\/li>\n\n\n\n<li>Skorzystaj z jazdy ekologicznym samochodem elektrycznym<\/li>\n<\/ul>\n\n\n\n<p><strong>Kr\u00f3tki opis:<\/strong><\/p>\n\n\n\n<p>Historia Gda\u0144ska rozci\u0105ga si\u0119 tak\u017ce na Stare Miasto i G\u0142\u00f3wne Miasto, wi\u0119c wybierz \u0142atwy i wygodny spos\u00f3b na zwiedzanie ca\u0142ego tego obszaru Samochodem Elektrycznym. Odkryj atrakcje Gda\u0144ska z przewodnikiem i zobacz niezwyk\u0142e zabytki, takie jak Ko\u015bci\u00f3\u0142 Mariacki, Dw\u00f3r Artura i Z\u0142ota Brama.<\/p>\n\n\n\n<p><strong>Pe\u0142ny opis:<\/strong><\/p>\n\n\n\n<p><br>Prze\u017cyj wspania\u0142\u0105 wycieczk\u0119 po mie\u015bcie samochodem elektrycznym w centrum Gda\u0144ska. Wskocz na pok\u0142ad i podziwiaj Stare Miasto i G\u0142\u00f3wne Miasto podczas jednej wycieczki. Ciesz si\u0119 towarzystwem profesjonalnego lokalnego przewodnika, kt\u00f3ry opowie Ci fascynuj\u0105c\u0105 histori\u0119 Gda\u0144ska od wczesnego \u015bredniowiecza na Starym Mie\u015bcie do czas\u00f3w komunizmu na Stoczni.<\/p>\n\n\n\n<p>Podziwiaj pi\u0119kno Gda\u0144skiej Star\u00f3wki i poczuj fantastyczn\u0105 atmosfer\u0119 na D\u0142ugim Targu. Znajdziesz tam niesamowite budynki, takie jak Ko\u015bci\u00f3\u0142 Mariacki, kt\u00f3ry jest najwi\u0119kszym ceglanym ko\u015bcio\u0142em na \u015bwiecie. Na ka\u017cdym rogu odkryjesz coraz wi\u0119cej. Zobacz Arthur&#8217;s Court, Golden Gate i jedynego w swoim rodzaju Cranza.<br><\/p>\n\n\n\n<p>Dzi\u0119ki elektrycznemu samochodowi mo\u017cesz zobaczy\u0107 wi\u0119cej w kr\u00f3tszym czasie! Tak wi\u0119c podczas tej wycieczki przejedziesz przez Stare Miasto i G\u0142\u00f3wne Miasto. Jest wiele do odkrycia! Mi\u0144 ratusz i ko\u015bci\u00f3\u0142 \u015bw. Brygidy, by dotrze\u0107 na teren Stoczni, gdzie poznasz historie z czas\u00f3w PRL-u. Mo\u017cesz wybra\u0107, czy chcesz sprawdzi\u0107 t\u0119 rund\u0119 tylko ze znajomymi lub rodzin\u0105 podczas prywatnej wycieczki, czy do\u0142\u0105czy\u0107 do grupy w opcji wsp\u00f3lnej.<br><br><\/p>\n\n\n\n<p><strong>Co jest zawarte:<\/strong><\/p>\n\n\n\n<ul>\n<li>2-godzinne zwiedzanie Gda\u0144ska&nbsp;<\/li>\n\n\n\n<li>Prywatny profesjonalny przewodnik na \u017cywo&nbsp;<\/li>\n\n\n\n<li>Wygodna i ekologiczna jazda samochodem elektrycznym<\/li>\n\n\n\n<li>Mn\u00f3stwo informacji o Gda\u0144sku, historii i zwyczajach<\/li>\n\n\n\n<li>Ciekawa trasa pe\u0142na Gda\u0144sk G\u0142\u00f3wne atrakcje Starego Miasta<\/li>\n<\/ul>\n\n\n\n<p><strong>Wiedz przed wyjazdem:<\/strong><\/p>\n\n\n\n<p>\u2022 Sprawd\u017a poczt\u0119 e-mail na dzie\u0144 przed wycieczk\u0105, aby otrzyma\u0107 wa\u017cne informacje<\/p>\n\n\n\n<p><strong>\u017beby wykupi\u0107 wycieczk\u0119 &#8211; wy\u015blij zapytanie na maila kontakt@gdanskmeleksem.pl<\/strong><\/p>\n\n\n\n<div class=\"wp-block-group alignfull has-background-color is-layout-constrained\" style=\"margin-top:0;margin-bottom:0;padding-top:var(--wp--preset--spacing--40);padding-right:var(--wp--preset--spacing--30);padding-bottom:var(--wp--preset--spacing--40);padding-left:var(--wp--preset--spacing--30)\"><div class=\"wp-block-group__inner-container\">\n<div class=\"wp-block-group alignwide is-content-justification-space-between is-layout-flex wp-container-4\">\n<div class=\"wp-block-group is-layout-flex\"><nav class=\"has-small-font-size is-responsive items-justified-left wp-block-navigation has-small-font-size is-content-justification-left is-layout-flex wp-container-2\" aria-label=\"Navigation 2\"><button aria-haspopup=\"true\" aria-label=\"Open menu\" class=\"wp-block-navigation__responsive-container-open \" data-micromodal-trigger=\"modal-1\"><svg width=\"24\" height=\"24\" xmlns=\"http:\/\/www.w3.org\/2000\/svg\" viewBox=\"0 0 24 24\" aria-hidden=\"true\" focusable=\"false\"><rect x=\"4\" y=\"7.5\" width=\"16\" height=\"1.5\" \/><rect x=\"4\" y=\"15\" width=\"16\" height=\"1.5\" \/><\/svg><\/button>\n\t\t\t<div class=\"wp-block-navigation__responsive-container  \" style=\"\" id=\"modal-1\">\n\t\t\t\t<div class=\"wp-block-navigation__responsive-close\" tabindex=\"-1\" data-micromodal-close>\n\t\t\t\t\t<div class=\"wp-block-navigation__responsive-dialog\" aria-label=\"Menu\">\n\t\t\t\t\t\t\t<button aria-label=\"Close menu\" data-micromodal-close class=\"wp-block-navigation__responsive-container-close\"><svg xmlns=\"http:\/\/www.w3.org\/2000\/svg\" viewBox=\"0 0 24 24\" width=\"24\" height=\"24\" aria-hidden=\"true\" focusable=\"false\"><path d=\"M13 11.8l6.1-6.3-1-1-6.1 6.2-6.1-6.2-1 1 6.1 6.3-6.5 6.7 1 1 6.5-6.6 6.5 6.6 1-1z\"><\/path><\/svg><\/button>\n\t\t\t\t\t\t<div class=\"wp-block-navigation__responsive-container-content\" id=\"modal-1-content\">\n\t\t\t\t\t\t\t<ul class=\"wp-block-navigation__container\"><li class=\"has-small-font-size wp-block-navigation-item wp-block-navigation-link\"><a class=\"wp-block-navigation-item__content\"  href=\"https:\/\/gdanskmeleksem.pl\/?page_id=69\"><span class=\"wp-block-navigation-item__label\">\u00a0<\/span><\/a><\/li><\/ul>\n\t\t\t\t\t\t<\/div>\n\t\t\t\t\t<\/div>\n\t\t\t\t<\/div>\n\t\t\t<\/div><\/nav><\/div>\n\n\n\n<p class=\"has-small-font-size\"><\/p>\n<\/div>\n\n\n\n<figure class=\"wp-block-image size-large\"><img decoding=\"async\" loading=\"lazy\" width=\"1024\" height=\"213\" src=\"https:\/\/gdanskmeleksem.pl\/wp-content\/uploads\/2023\/07\/Untitled-design-103-1-1024x213.jpg\" alt=\"\" class=\"wp-image-178\" srcset=\"https:\/\/gdanskmeleksem.pl\/wp-content\/uploads\/2023\/07\/Untitled-design-103-1-1024x213.jpg 1024w, https:\/\/gdanskmeleksem.pl\/wp-content\/uploads\/2023\/07\/Untitled-design-103-1-300x63.jpg 300w, https:\/\/gdanskmeleksem.pl\/wp-content\/uploads\/2023\/07\/Untitled-design-103-1-768x160.jpg 768w, https:\/\/gdanskmeleksem.pl\/wp-content\/uploads\/2023\/07\/Untitled-design-103-1-1536x320.jpg 1536w, https:\/\/gdanskmeleksem.pl\/wp-content\/uploads\/2023\/07\/Untitled-design-103-1-2048x427.jpg 2048w\" sizes=\"(max-width: 1024px) 100vw, 1024px\" \/><\/figure>\n<\/div><\/div>\n","protected":false},"excerpt":{"rendered":"<p>Przegl\u0105d najwa\u017cniejszych wydarze\u0144: Kr\u00f3tki opis: Historia Gda\u0144ska rozci\u0105ga si\u0119 tak\u017ce na Stare Miasto i G\u0142\u00f3wne Miasto, wi\u0119c wybierz \u0142atwy i [&hellip;]<\/p>\n","protected":false},"author":2,"featured_media":0,"parent":0,"menu_order":0,"comment_status":"closed","ping_status":"closed","template":"","meta":[],"_links":{"self":[{"href":"https:\/\/gdanskmeleksem.pl\/index.php?rest_route=\/wp\/v2\/pages\/140"}],"collection":[{"href":"https:\/\/gdanskmeleksem.pl\/index.php?rest_route=\/wp\/v2\/pages"}],"about":[{"href":"https:\/\/gdanskmeleksem.pl\/index.php?rest_route=\/wp\/v2\/types\/page"}],"author":[{"embeddable":true,"href":"https:\/\/gdanskmeleksem.pl\/index.php?rest_route=\/wp\/v2\/users\/2"}],"replies":[{"embeddable":true,"href":"https:\/\/gdanskmeleksem.pl\/index.php?rest_route=%2Fwp%2Fv2%2Fcomments&post=140"}],"version-history":[{"count":4,"href":"https:\/\/gdanskmeleksem.pl\/index.php?rest_route=\/wp\/v2\/pages\/140\/revisions"}],"predecessor-version":[{"id":243,"href":"https:\/\/gdanskmeleksem.pl\/index.php?rest_route=\/wp\/v2\/pages\/140\/revisions\/243"}],"wp:attachment":[{"href":"https:\/\/gdanskmeleksem.pl\/index.php?rest_route=%2Fwp%2Fv2%2Fmedia&parent=140"}],"curies":[{"name":"wp","href":"https:\/\/api.w.org\/{rel}","templated":true}]}}