{"id":137,"date":"2023-07-05T15:14:38","date_gmt":"2023-07-05T14:14:38","guid":{"rendered":"https:\/\/gdanskmeleksem.pl\/?page_id=137"},"modified":"2023-07-07T16:46:35","modified_gmt":"2023-07-07T15:46:35","slug":"gdansk-wycieczka-grupowa-samochodem-elektrycznym","status":"publish","type":"page","link":"https:\/\/gdanskmeleksem.pl\/?page_id=137","title":{"rendered":"Gda\u0144sk: Wycieczka grupowa samochodem elektrycznym"},"content":{"rendered":"\n<figure class=\"wp-block-image size-full is-resized\"><img decoding=\"async\" loading=\"lazy\" src=\"http:\/\/gdanskmeleksem.pl\/wp-content\/uploads\/2023\/07\/Alibaba218430302-1-1-edited.png\" alt=\"\" class=\"wp-image-216\" width=\"1134\" height=\"638\" srcset=\"https:\/\/gdanskmeleksem.pl\/wp-content\/uploads\/2023\/07\/Alibaba218430302-1-1-edited.png 683w, https:\/\/gdanskmeleksem.pl\/wp-content\/uploads\/2023\/07\/Alibaba218430302-1-1-edited-300x169.png 300w\" sizes=\"(max-width: 1134px) 100vw, 1134px\" \/><\/figure>\n\n\n\n<p><strong>Przegl\u0105d najwa\u017cniejszych wydarze\u0144:<\/strong><\/p>\n\n\n\n<ul>\n<li>Ciesz si\u0119 wygodn\u0105 wycieczk\u0105 po mie\u015bcie samoch\u00f3d elektryczny z ma\u0142\u0105 grup\u0105<\/li>\n\n\n\n<li>Odkryj wszystkie najlepsze zabytki w Gda\u0144sku, takie jak ko\u015bci\u00f3\u0142 Mariacki, fontanna Neptuna, stocznia<\/li>\n\n\n\n<li>Skorzystaj z jazdy ekologicznym samochodem elektrycznym<\/li>\n<\/ul>\n\n\n\n<p><strong>Kr\u00f3tki opis:<\/strong><\/p>\n\n\n\n<p>Historia Gda\u0144ska rozci\u0105ga si\u0119 nie tylko na Stare Miasto, ale tak\u017ce na G\u0142\u00f3wne Miasto. Wybierz \u0142atwy i wygodny spos\u00f3b na zwiedzanie ca\u0142ego tego obszaru samochodem elektrycznym z ma\u0142\u0105 grup\u0105 wycieczki do 8 os\u00f3b.<\/p>\n\n\n\n<p><strong>Pe\u0142ny opis:<\/strong><\/p>\n\n\n\n<p><br>Zapraszamy na wyj\u0105tkow\u0105 wycieczk\u0119 przez Gda\u0144sk, podczas kt\u00f3rej r\u00f3\u017cne osoby, nie znaj\u0105ce si\u0119 wcze\u015bniej, mog\u0105 do\u0142\u0105cza\u0107 do naszej grupy. Nasza przygoda rozpoczyna si\u0119 spotkaniem na wyznaczonym punkcie, gdzie poznacie naszego do\u015bwiadczonego przewodnika.<\/p>\n\n\n\n<p>Podczas naszej wycieczki samochodem elektrycznym stylizowanym na czo\u0142g, odkryjecie pi\u0119kno Gda\u0144ska i poznajcie jego fascynuj\u0105c\u0105 histori\u0119. Nasz pojazd jest zaprojektowany tak, aby\u015bcie mogli cieszy\u0107 si\u0119 komfortem podr\u00f3\u017cy, a zarazem nawi\u0105za\u0107 kontakt z innymi uczestnikami grupy.<\/p>\n\n\n\n<p>Przewodnik b\u0119dzie opowiada\u0142 o wa\u017cnych miejscach i wydarzeniach w Gda\u0144sku, a tak\u017ce podzieli si\u0119 ciekawostkami zwi\u0105zanych z histori\u0105 miasta. Podczas naszych przystank\u00f3w przy ikonicznych zabytkach, wszyscy uczestnicy b\u0119d\u0105 mieli szans\u0119 zwiedzi\u0107 i dowiedzie\u0107 si\u0119 wi\u0119cej o historii miejsca.<\/p>\n\n\n\n<p>To niezwyk\u0142e do\u015bwiadczenie umo\u017cliwi Wam nawi\u0105zanie nowych znajomo\u015bci i dzielenie si\u0119 wra\u017ceniami z innymi podr\u00f3\u017cnikami. B\u0119dziecie mieli okazj\u0119 wymienia\u0107 si\u0119 spostrze\u017ceniami, zadawa\u0107 pytania i cieszy\u0107 si\u0119 wsp\u00f3lnym odkrywaniem urok\u00f3w Gda\u0144ska.<\/p>\n\n\n\n<p>Nie wa\u017cne, czy podr\u00f3\u017cujecie samotnie, z rodzin\u0105, czy przyjaci\u00f3\u0142mi &#8211; nasza grupa jest otwarta dla wszystkich. Do\u0142\u0105czaj\u0105c do naszej wycieczki, odkryjecie Gda\u0144sk w towarzystwie innych pasjonuj\u0105cych os\u00f3b, kt\u00f3re maj\u0105 wsp\u00f3ln\u0105 fascynacj\u0119 histori\u0105 i kultur\u0105.<\/p>\n\n\n\n<p>Tak wi\u0119c, je\u015bli jeste\u015bcie gotowi na niezapomnian\u0105 podr\u00f3\u017c przez Gda\u0144sk, do\u0142\u0105czcie do naszej grupy i podzielcie si\u0119 tym wyj\u0105tkowym do\u015bwiadczeniem z innymi podr\u00f3\u017cnikami. Czekamy na Was z otwartymi ramionami, gotowi do wsp\u00f3lnego odkrywania tego niezwyk\u0142ego miasta.<\/p>\n\n\n\n<p><strong>Co jest zawarte:<\/strong><\/p>\n\n\n\n<ul>\n<li>2-godzinne zwiedzanie Gda\u0144ska meleksem<\/li>\n\n\n\n<li>Wygodna i ekologiczna jazda samochodem elektrycznym<\/li>\n\n\n\n<li>Ma\u0142a grupa maksymalnie 8 os\u00f3b (na wycieczce grupowej)<\/li>\n\n\n\n<li>Mn\u00f3stwo informacji o Gda\u0144sku, historii i zwyczajach<\/li>\n\n\n\n<li>Ciekawa trasa pe\u0142na atrakcji Starego Miasta w Gda\u0144sku<\/li>\n<\/ul>\n\n\n\n<p><strong>Wiedz przed wyjazdem:<\/strong><\/p>\n\n\n\n<p>\u2022 Sprawd\u017a poczt\u0119 e-mail na dzie\u0144 przed wycieczk\u0105, aby otrzyma\u0107 wa\u017cne informacje<\/p>\n\n\n\n<p><strong>\u017beby wykupi\u0107 wycieczk\u0119 &#8211; wy\u015blij zapytanie na maila kontakt@gdanskmeleksem.pl<\/strong><\/p>\n\n\n\n<div class=\"wp-block-group alignfull has-background-color is-layout-constrained\" style=\"margin-top:0;margin-bottom:0;padding-top:var(--wp--preset--spacing--40);padding-right:var(--wp--preset--spacing--30);padding-bottom:var(--wp--preset--spacing--40);padding-left:var(--wp--preset--spacing--30)\"><div class=\"wp-block-group__inner-container\">\n<figure class=\"wp-block-image size-large\"><img decoding=\"async\" loading=\"lazy\" width=\"1024\" height=\"213\" src=\"https:\/\/gdanskmeleksem.pl\/wp-content\/uploads\/2023\/07\/Untitled-design-103-6-1024x213.jpg\" alt=\"\" class=\"wp-image-188\" srcset=\"https:\/\/gdanskmeleksem.pl\/wp-content\/uploads\/2023\/07\/Untitled-design-103-6-1024x213.jpg 1024w, https:\/\/gdanskmeleksem.pl\/wp-content\/uploads\/2023\/07\/Untitled-design-103-6-300x63.jpg 300w, https:\/\/gdanskmeleksem.pl\/wp-content\/uploads\/2023\/07\/Untitled-design-103-6-768x160.jpg 768w, https:\/\/gdanskmeleksem.pl\/wp-content\/uploads\/2023\/07\/Untitled-design-103-6-1536x320.jpg 1536w, https:\/\/gdanskmeleksem.pl\/wp-content\/uploads\/2023\/07\/Untitled-design-103-6-2048x427.jpg 2048w\" sizes=\"(max-width: 1024px) 100vw, 1024px\" \/><\/figure>\n<\/div><\/div>\n","protected":false},"excerpt":{"rendered":"<p>Przegl\u0105d najwa\u017cniejszych wydarze\u0144: Kr\u00f3tki opis: Historia Gda\u0144ska rozci\u0105ga si\u0119 nie tylko na Stare Miasto, ale tak\u017ce na G\u0142\u00f3wne Miasto. Wybierz [&hellip;]<\/p>\n","protected":false},"author":2,"featured_media":0,"parent":0,"menu_order":0,"comment_status":"closed","ping_status":"closed","template":"","meta":[],"_links":{"self":[{"href":"https:\/\/gdanskmeleksem.pl\/index.php?rest_route=\/wp\/v2\/pages\/137"}],"collection":[{"href":"https:\/\/gdanskmeleksem.pl\/index.php?rest_route=\/wp\/v2\/pages"}],"about":[{"href":"https:\/\/gdanskmeleksem.pl\/index.php?rest_route=\/wp\/v2\/types\/page"}],"author":[{"embeddable":true,"href":"https:\/\/gdanskmeleksem.pl\/index.php?rest_route=\/wp\/v2\/users\/2"}],"replies":[{"embeddable":true,"href":"https:\/\/gdanskmeleksem.pl\/index.php?rest_route=%2Fwp%2Fv2%2Fcomments&post=137"}],"version-history":[{"count":5,"href":"https:\/\/gdanskmeleksem.pl\/index.php?rest_route=\/wp\/v2\/pages\/137\/revisions"}],"predecessor-version":[{"id":242,"href":"https:\/\/gdanskmeleksem.pl\/index.php?rest_route=\/wp\/v2\/pages\/137\/revisions\/242"}],"wp:attachment":[{"href":"https:\/\/gdanskmeleksem.pl\/index.php?rest_route=%2Fwp%2Fv2%2Fmedia&parent=137"}],"curies":[{"name":"wp","href":"https:\/\/api.w.org\/{rel}","templated":true}]}}