{"id":134,"date":"2023-07-05T15:13:37","date_gmt":"2023-07-05T14:13:37","guid":{"rendered":"https:\/\/gdanskmeleksem.pl\/?page_id=134"},"modified":"2023-07-06T18:10:40","modified_gmt":"2023-07-06T17:10:40","slug":"tytul-wycieczki-gdanskwycieczka-czolgiem-o-tematyce-ii-wojny-swiatowej","status":"publish","type":"page","link":"https:\/\/gdanskmeleksem.pl\/?page_id=134","title":{"rendered":"Gda\u0144sk:Wycieczka czo\u0142giem o tematyce II-Wojny \u015awiatowej"},"content":{"rendered":"\n<figure class=\"wp-block-gallery has-nested-images columns-default is-cropped wp-block-gallery-1 is-layout-flex\">\n<figure class=\"wp-block-image size-large\"><img decoding=\"async\" loading=\"lazy\" width=\"800\" height=\"600\" data-id=\"210\"  src=\"https:\/\/gdanskmeleksem.pl\/wp-content\/uploads\/2023\/07\/IMG-20230328-WA0002.jpg\" alt=\"\" class=\"wp-image-210\" srcset=\"https:\/\/gdanskmeleksem.pl\/wp-content\/uploads\/2023\/07\/IMG-20230328-WA0002.jpg 800w, https:\/\/gdanskmeleksem.pl\/wp-content\/uploads\/2023\/07\/IMG-20230328-WA0002-300x225.jpg 300w, https:\/\/gdanskmeleksem.pl\/wp-content\/uploads\/2023\/07\/IMG-20230328-WA0002-768x576.jpg 768w\" sizes=\"(max-width: 800px) 100vw, 800px\" \/><\/figure>\n<\/figure>\n\n\n\n<p><strong>Przegl\u0105d najwa\u017cniejszych wydarze\u0144:<\/strong><\/p>\n\n\n\n<ul>\n<li>Ciesz si\u0119 wygodn\u0105 wycieczk\u0105 po mie\u015bcie samochodem stylizowanym na czo\u0142g<\/li>\n\n\n\n<li>Odkryj wszystkie najlepsze zabytki w Gda\u0144sku, takie jak ko\u015bci\u00f3\u0142 Mariacki, fontanna Neptuna, stocznia<\/li>\n\n\n\n<li>Poznaj fascynuj\u0105c\u0105 histori\u0119 Gda\u0144ska poprzez Stare i G\u0142\u00f3wne Miasto<\/li>\n\n\n\n<li>Pos\u0142uchaj wspania\u0142ych historii i legend lokalnego przewodnika<\/li>\n\n\n\n<li>Skorzystaj z jazdy ekologicznym samochodem elektrycznym<\/li>\n<\/ul>\n\n\n\n<p><strong>Kr\u00f3tki opis:<\/strong><\/p>\n\n\n\n<p>Historia Gda\u0144ska rozci\u0105ga si\u0119 tak\u017ce na Stare Miasto i G\u0142\u00f3wne Miasto, wi\u0119c wybierz \u0142atwy i wygodny spos\u00f3b na zwiedzanie ca\u0142ego tego obszaru Samochodem Elektrycznym. Odkryj atrakcje Gda\u0144ska z przewodnikiem i zobacz niezwyk\u0142e zabytki, takie jak Ko\u015bci\u00f3\u0142 Mariacki, Dw\u00f3r Artura i Z\u0142ota Brama.<\/p>\n\n\n\n<p><strong>Pe\u0142ny opis:<\/strong><\/p>\n\n\n\n<p><br>Wyrusz w martyrologiczn\u0105 podr\u00f3\u017c po Gda\u0144sku, prowadz\u0105c Ci\u0119 przez miasto elektrycznym samochodem stylizowanym na czo\u0142g z II wojny \u015bwiatowej. Poznaj historyczne ulice tego polskiego klejnotu, jednocze\u015bnie oddaj\u0105c ho\u0142d ofiarom poniesionym w tamtej epoce.<\/p>\n\n\n\n<p>Spotkaj si\u0119 z naszym kompetentnym przewodnikiem w wyznaczonym miejscu i wejd\u017a do elektrycznego czo\u0142gu, kt\u00f3ry wiernie odwzorowuje estetyk\u0119 drugiej wojny \u015bwiatowej. Przy bucz\u0105cym pot\u0119\u017cnym silniku elektrycznym poczujesz po\u0142\u0105czenie z przesz\u0142o\u015bci\u0105, gdy poruszamy si\u0119 po staro\u017cytnych \u015bcie\u017ckach.<\/p>\n\n\n\n<p>Nasz ekspert zaprowadzi Ci\u0119 do kultowych zabytk\u00f3w, takich jak gotycki Ratusz G\u0142\u00f3wnego Miasta i symboliczna Fontanna Neptuna, gdzie mo\u017cesz odda\u0107 ho\u0142d bohaterom, kt\u00f3rzy dzielnie walczyli podczas wojny. Wielki \u017buraw stoi wysoko, przypominaj\u0105c nam o odporno\u015bci miasta i jego mieszka\u0144c\u00f3w.<\/p>\n\n\n\n<p>Podczas wycieczki nasz przewodnik b\u0119dzie opowiada\u0142 historie o odwadze i odporno\u015bci, przypominaj\u0105c nam o niez\u0142omnym duchu Gda\u0144ska. Skorzystaj z okazji, aby uchwyci\u0107 przejmuj\u0105ce chwile i zadawa\u0107 pytania, aby pog\u0142\u0119bi\u0107 swoje zrozumienie historycznej spu\u015bcizny miasta.<\/p>\n\n\n\n<p>Gdy podr\u00f3\u017c dobiegnie ko\u0144ca, zabierzesz ze sob\u0105 g\u0142\u0119bokie uznanie dla gda\u0144skich m\u0119czennik\u00f3w i trwa\u0142y wp\u0142yw ich po\u015bwi\u0119cenia. To wyj\u0105tkowe do\u015bwiadczenie \u0142\u0105czy wspomnienia z korzy\u015bciami dla \u015brodowiska wynikaj\u0105cymi z pojazd\u00f3w elektrycznych, pozostawiaj\u0105c niezatarte wra\u017cenie w sercu i umy\u015ble.<\/p>\n\n\n\n<p>Do\u0142\u0105cz do nas w tej martyrologicznej wyprawie, w kt\u00f3rej przesz\u0142o\u015b\u0107 miesza si\u0119 z tera\u017aniejszo\u015bci\u0105 i uczcij pami\u0119\u0107 tych, kt\u00f3rzy ukszta\u0142towali histori\u0119 Gda\u0144ska.<\/p>\n\n\n\n<p><strong>Co jest zawarte:<\/strong><\/p>\n\n\n\n<ul>\n<li>2-godzinne zwiedzanie Gda\u0144ska cystern\u0105<\/li>\n\n\n\n<li>Prywatny profesjonalny przewodnik na \u017cywo (w opcji prywatnej)<\/li>\n\n\n\n<li>Wygodna i ekologiczna jazda samochodem elektrycznym<\/li>\n\n\n\n<li>Mn\u00f3stwo informacji o Gda\u0144sku, historii i zwyczajach<\/li>\n\n\n\n<li>Ciekawa trasa pe\u0142na atrakcji Starego Miasta w Gda\u0144sku<\/li>\n<\/ul>\n\n\n\n<p><strong>Wiedz przed wyjazdem:<\/strong><\/p>\n\n\n\n<p>\u2022 Sprawd\u017a poczt\u0119 e-mail na dzie\u0144 przed wycieczk\u0105, aby otrzyma\u0107 wa\u017cne informacje<\/p>\n\n\n\n<p><strong>\u017beby wykupi\u0107 wycieczk\u0119 &#8211; wy\u015blij zapytanie na maila kontakt@gdanskmeleksem.pl<\/strong><\/p>\n\n\n\n<figure class=\"wp-block-image size-large\"><img decoding=\"async\" loading=\"lazy\" width=\"1024\" height=\"213\" src=\"https:\/\/gdanskmeleksem.pl\/wp-content\/uploads\/2023\/07\/Untitled-design-103-4-1024x213.jpg\" alt=\"\" class=\"wp-image-184\" srcset=\"https:\/\/gdanskmeleksem.pl\/wp-content\/uploads\/2023\/07\/Untitled-design-103-4-1024x213.jpg 1024w, https:\/\/gdanskmeleksem.pl\/wp-content\/uploads\/2023\/07\/Untitled-design-103-4-300x63.jpg 300w, https:\/\/gdanskmeleksem.pl\/wp-content\/uploads\/2023\/07\/Untitled-design-103-4-768x160.jpg 768w, https:\/\/gdanskmeleksem.pl\/wp-content\/uploads\/2023\/07\/Untitled-design-103-4-1536x320.jpg 1536w, https:\/\/gdanskmeleksem.pl\/wp-content\/uploads\/2023\/07\/Untitled-design-103-4-2048x427.jpg 2048w\" sizes=\"(max-width: 1024px) 100vw, 1024px\" \/><\/figure>\n","protected":false},"excerpt":{"rendered":"<p>Przegl\u0105d najwa\u017cniejszych wydarze\u0144: Kr\u00f3tki opis: Historia Gda\u0144ska rozci\u0105ga si\u0119 tak\u017ce na Stare Miasto i G\u0142\u00f3wne Miasto, wi\u0119c wybierz \u0142atwy i [&hellip;]<\/p>\n","protected":false},"author":2,"featured_media":0,"parent":0,"menu_order":0,"comment_status":"closed","ping_status":"closed","template":"","meta":[],"_links":{"self":[{"href":"https:\/\/gdanskmeleksem.pl\/index.php?rest_route=\/wp\/v2\/pages\/134"}],"collection":[{"href":"https:\/\/gdanskmeleksem.pl\/index.php?rest_route=\/wp\/v2\/pages"}],"about":[{"href":"https:\/\/gdanskmeleksem.pl\/index.php?rest_route=\/wp\/v2\/types\/page"}],"author":[{"embeddable":true,"href":"https:\/\/gdanskmeleksem.pl\/index.php?rest_route=\/wp\/v2\/users\/2"}],"replies":[{"embeddable":true,"href":"https:\/\/gdanskmeleksem.pl\/index.php?rest_route=%2Fwp%2Fv2%2Fcomments&post=134"}],"version-history":[{"count":6,"href":"https:\/\/gdanskmeleksem.pl\/index.php?rest_route=\/wp\/v2\/pages\/134\/revisions"}],"predecessor-version":[{"id":217,"href":"https:\/\/gdanskmeleksem.pl\/index.php?rest_route=\/wp\/v2\/pages\/134\/revisions\/217"}],"wp:attachment":[{"href":"https:\/\/gdanskmeleksem.pl\/index.php?rest_route=%2Fwp%2Fv2%2Fmedia&parent=134"}],"curies":[{"name":"wp","href":"https:\/\/api.w.org\/{rel}","templated":true}]}}