{"id":102,"date":"2023-05-25T10:42:26","date_gmt":"2023-05-25T09:42:26","guid":{"rendered":"https:\/\/gdanskmeleksem.pl\/?page_id=102"},"modified":"2023-07-07T16:40:18","modified_gmt":"2023-07-07T15:40:18","slug":"wycieczki","status":"publish","type":"page","link":"https:\/\/gdanskmeleksem.pl\/?page_id=102","title":{"rendered":"Wycieczki"},"content":{"rendered":"\n<p><strong>Wybierz wycieczk\u0119:<\/strong><br><a href=\"https:\/\/gdanskmeleksem.pl\/?page_id=134\"><span style=\"text-decoration: underline;\">&nbsp;Gda\u0144sk:Wycieczka czo\u0142giem o tematyce II-Wojny \u015awiatowej<\/span><\/a><\/p>\n\n\n\n<p><a href=\"https:\/\/gdanskmeleksem.pl\/?page_id=137\"><span style=\"text-decoration: underline;\">Gda\u0144sk: Wycieczka grupowa samochodem elektrycznym<\/span><\/a><\/p>\n\n\n\n<p><a href=\"https:\/\/gdanskmeleksem.pl\/?page_id=140\"><span style=\"text-decoration: underline;\">Gda\u0144sk: wycieczka po mie\u015bcie zabytkowym samochodem elektrycznym<\/span><\/a><\/p>\n\n\n\n<p><a href=\"https:\/\/gdanskmeleksem.pl\/?page_id=142\"><span style=\"text-decoration: underline;\">Gda\u0144sk: wirtualna wycieczka z przewodnikiem<\/span><\/a><\/p>\n\n\n\n<p><\/p>\n\n\n\n<figure class=\"wp-block-image size-large\"><img decoding=\"async\" loading=\"lazy\" width=\"1024\" height=\"576\" src=\"http:\/\/gdanskmeleksem.pl\/wp-content\/uploads\/2023\/05\/Untitled-design-96-2-1024x576.jpg\" alt=\"\" class=\"wp-image-99\" srcset=\"https:\/\/gdanskmeleksem.pl\/wp-content\/uploads\/2023\/05\/Untitled-design-96-2-1024x576.jpg 1024w, https:\/\/gdanskmeleksem.pl\/wp-content\/uploads\/2023\/05\/Untitled-design-96-2-300x169.jpg 300w, https:\/\/gdanskmeleksem.pl\/wp-content\/uploads\/2023\/05\/Untitled-design-96-2-768x432.jpg 768w, https:\/\/gdanskmeleksem.pl\/wp-content\/uploads\/2023\/05\/Untitled-design-96-2-1536x864.jpg 1536w, https:\/\/gdanskmeleksem.pl\/wp-content\/uploads\/2023\/05\/Untitled-design-96-2-2048x1152.jpg 2048w\" sizes=\"(max-width: 1024px) 100vw, 1024px\" \/><\/figure>\n\n\n\n<div class=\"wp-block-group alignfull has-contrast-color has-text-color has-link-color wp-elements-984f44f0a138c65894d661d61ce1ce2b is-content-justification-space-between is-layout-flex wp-container-3\" style=\"padding-top:var(--wp--preset--spacing--30);padding-right:var(--wp--preset--spacing--30);padding-bottom:var(--wp--preset--spacing--30);padding-left:var(--wp--preset--spacing--30)\">\n\n<nav class=\"has-large-font-size is-responsive items-justified-right wp-block-navigation has-large-font-size is-content-justification-right is-layout-flex wp-container-2\" aria-label=\"Navigation 2\"><button aria-haspopup=\"true\" aria-label=\"Open menu\" class=\"wp-block-navigation__responsive-container-open \" data-micromodal-trigger=\"modal-1\"><svg width=\"24\" height=\"24\" xmlns=\"http:\/\/www.w3.org\/2000\/svg\" viewBox=\"0 0 24 24\" aria-hidden=\"true\" focusable=\"false\"><rect x=\"4\" y=\"7.5\" width=\"16\" height=\"1.5\" \/><rect x=\"4\" y=\"15\" width=\"16\" height=\"1.5\" \/><\/svg><\/button>\n\t\t\t<div class=\"wp-block-navigation__responsive-container  \" style=\"\" id=\"modal-1\">\n\t\t\t\t<div class=\"wp-block-navigation__responsive-close\" tabindex=\"-1\" data-micromodal-close>\n\t\t\t\t\t<div class=\"wp-block-navigation__responsive-dialog\" aria-label=\"Menu\">\n\t\t\t\t\t\t\t<button aria-label=\"Close menu\" data-micromodal-close class=\"wp-block-navigation__responsive-container-close\"><svg xmlns=\"http:\/\/www.w3.org\/2000\/svg\" viewBox=\"0 0 24 24\" width=\"24\" height=\"24\" aria-hidden=\"true\" focusable=\"false\"><path d=\"M13 11.8l6.1-6.3-1-1-6.1 6.2-6.1-6.2-1 1 6.1 6.3-6.5 6.7 1 1 6.5-6.6 6.5 6.6 1-1z\"><\/path><\/svg><\/button>\n\t\t\t\t\t\t<div class=\"wp-block-navigation__responsive-container-content\" id=\"modal-1-content\">\n\t\t\t\t\t\t\t<ul class=\"wp-block-navigation__container\"><li class=\"has-large-font-size wp-block-navigation-item wp-block-navigation-link\"><a class=\"wp-block-navigation-item__content\"  href=\"https:\/\/gdanskmeleksem.pl\/?page_id=69\"><span class=\"wp-block-navigation-item__label\">\u00a0<\/span><\/a><\/li><\/ul>\n\t\t\t\t\t\t<\/div>\n\t\t\t\t\t<\/div>\n\t\t\t\t<\/div>\n\t\t\t<\/div><\/nav><\/div>\n","protected":false},"excerpt":{"rendered":"<p>Wybierz wycieczk\u0119:&nbsp;Gda\u0144sk:Wycieczka czo\u0142giem o tematyce II-Wojny \u015awiatowej Gda\u0144sk: Wycieczka grupowa samochodem elektrycznym Gda\u0144sk: wycieczka po mie\u015bcie zabytkowym samochodem elektrycznym Gda\u0144sk: [&hellip;]<\/p>\n","protected":false},"author":2,"featured_media":0,"parent":0,"menu_order":0,"comment_status":"closed","ping_status":"closed","template":"","meta":[],"_links":{"self":[{"href":"https:\/\/gdanskmeleksem.pl\/index.php?rest_route=\/wp\/v2\/pages\/102"}],"collection":[{"href":"https:\/\/gdanskmeleksem.pl\/index.php?rest_route=\/wp\/v2\/pages"}],"about":[{"href":"https:\/\/gdanskmeleksem.pl\/index.php?rest_route=\/wp\/v2\/types\/page"}],"author":[{"embeddable":true,"href":"https:\/\/gdanskmeleksem.pl\/index.php?rest_route=\/wp\/v2\/users\/2"}],"replies":[{"embeddable":true,"href":"https:\/\/gdanskmeleksem.pl\/index.php?rest_route=%2Fwp%2Fv2%2Fcomments&post=102"}],"version-history":[{"count":9,"href":"https:\/\/gdanskmeleksem.pl\/index.php?rest_route=\/wp\/v2\/pages\/102\/revisions"}],"predecessor-version":[{"id":239,"href":"https:\/\/gdanskmeleksem.pl\/index.php?rest_route=\/wp\/v2\/pages\/102\/revisions\/239"}],"wp:attachment":[{"href":"https:\/\/gdanskmeleksem.pl\/index.php?rest_route=%2Fwp%2Fv2%2Fmedia&parent=102"}],"curies":[{"name":"wp","href":"https:\/\/api.w.org\/{rel}","templated":true}]}}